{"id":2784,"date":"2022-10-09T16:09:36","date_gmt":"2022-10-09T14:09:36","guid":{"rendered":"https:\/\/www.dijit.app\/?page_id=2784"},"modified":"2025-11-27T11:15:53","modified_gmt":"2025-11-27T10:15:53","slug":"politica-de-cookies","status":"publish","type":"page","link":"https:\/\/www.dijit.app\/en\/politica-de-cookies\/","title":{"rendered":"Cookies policy"},"content":{"rendered":"<div data-elementor-type=\"wp-page\" data-elementor-id=\"2784\" class=\"elementor elementor-2784\">\n\t\t\t\t<div class=\"elementor-element elementor-element-a515be5 e-con-full e-flex e-con e-parent\" data-id=\"a515be5\" data-element_type=\"container\" data-e-type=\"container\">\n\t\t\t\t<div class=\"elementor-element elementor-element-a694474 elementor-widget elementor-widget-html\" data-id=\"a694474\" data-element_type=\"widget\" data-e-type=\"widget\" data-widget_type=\"html.default\">\n\t\t\t\t<div class=\"elementor-widget-container\">\n\t\t\t\t\t<!DOCTYPE html>\r\n<html lang=\"es\">\r\n<head>\r\n    <meta charset=\"UTF-8\">\r\n    <meta name=\"viewport\" content=\"width=device-width, initial-scale=1.0\">\r\n    <title>Pol\u00edtica de Cookies | Dijit.app<\/title>\r\n    <style>\r\n        \/* ============================================\r\n           PLANTILLA P\u00c1GINAS LEGALES - DIJIT.APP\r\n           ============================================ *\/\r\n        \r\n        * {\r\n            margin: 0;\r\n            padding: 0;\r\n            box-sizing: border-box;\r\n        }\r\n\r\n        \/* Base *\/\r\n        .legal-page {\r\n            font-family: -apple-system, BlinkMacSystemFont, 'Segoe UI', Roboto, Helvetica, Arial, sans-serif;\r\n            background: #f8fafc;\r\n            min-height: 100vh;\r\n            color: #374151;\r\n            line-height: 1.7;\r\n            padding-bottom: 80px;\r\n        }\r\n\r\n        \/* Header *\/\r\n        .legal-header {\r\n            background: #ffffff;\r\n            border-bottom: 1px solid #e5e7eb;\r\n            padding: 40px 24px;\r\n        }\r\n\r\n        .legal-header-container {\r\n            max-width: 900px;\r\n            margin: 0 auto;\r\n        }\r\n\r\n        .legal-breadcrumb {\r\n            display: flex;\r\n            align-items: center;\r\n            gap: 8px;\r\n            font-size: 0.875rem;\r\n            color: #6B7280;\r\n            margin-bottom: 20px;\r\n        }\r\n\r\n        .legal-breadcrumb a {\r\n            color: #1D4ED8;\r\n            text-decoration: none;\r\n        }\r\n\r\n        .legal-breadcrumb a:hover {\r\n            text-decoration: underline;\r\n        }\r\n\r\n        .legal-breadcrumb svg {\r\n            width: 16px;\r\n            height: 16px;\r\n            color: #9CA3AF;\r\n        }\r\n\r\n        .legal-title {\r\n            font-size: 2.5rem;\r\n            font-weight: 700;\r\n            color: #1f2937;\r\n            margin-bottom: 12px;\r\n        }\r\n\r\n        .legal-updated {\r\n            font-size: 0.9rem;\r\n            color: #6B7280;\r\n            display: flex;\r\n            align-items: center;\r\n            gap: 8px;\r\n        }\r\n\r\n        .legal-updated svg {\r\n            width: 16px;\r\n            height: 16px;\r\n        }\r\n\r\n        \/* Layout principal *\/\r\n        .legal-layout {\r\n            max-width: 1100px;\r\n            margin: 0 auto;\r\n            padding: 40px 24px 100px;\r\n            display: grid;\r\n            grid-template-columns: 280px 1fr;\r\n            gap: 48px;\r\n        }\r\n\r\n        \/* Sidebar - \u00cdndice de navegaci\u00f3n *\/\r\n        .legal-sidebar {\r\n            position: sticky;\r\n            top: 24px;\r\n            height: fit-content;\r\n        }\r\n\r\n        .legal-index {\r\n            background: #ffffff;\r\n            border-radius: 12px;\r\n            padding: 24px;\r\n            border: 1px solid #e5e7eb;\r\n        }\r\n\r\n        .legal-index-title {\r\n            font-size: 0.8rem;\r\n            font-weight: 600;\r\n            color: #1D4ED8;\r\n            text-transform: uppercase;\r\n            letter-spacing: 0.5px;\r\n            margin-bottom: 16px;\r\n            padding-bottom: 12px;\r\n            border-bottom: 1px solid #e5e7eb;\r\n        }\r\n\r\n        .legal-index-list {\r\n            list-style: none;\r\n            display: flex;\r\n            flex-direction: column;\r\n            gap: 4px;\r\n        }\r\n\r\n        .legal-index-item a {\r\n            display: block;\r\n            padding: 10px 12px;\r\n            font-size: 0.9rem;\r\n            color: #4B5563;\r\n            text-decoration: none;\r\n            border-radius: 6px;\r\n            transition: all 0.2s ease;\r\n            border-left: 2px solid transparent;\r\n        }\r\n\r\n        .legal-index-item a:hover {\r\n            background: #EEF2FF;\r\n            color: #1D4ED8;\r\n            border-left-color: #1D4ED8;\r\n        }\r\n\r\n        \/* Contenido principal *\/\r\n        .legal-content {\r\n            background: #ffffff;\r\n            border-radius: 12px;\r\n            padding: 48px;\r\n            padding-bottom: 60px;\r\n            border: 1px solid #e5e7eb;\r\n        }\r\n\r\n        .legal-section {\r\n            margin-bottom: 40px;\r\n            padding-bottom: 40px;\r\n            border-bottom: 1px solid #f1f5f9;\r\n        }\r\n\r\n        .legal-section:last-child {\r\n            margin-bottom: 0;\r\n            padding-bottom: 0;\r\n            border-bottom: none;\r\n        }\r\n\r\n        .legal-section-title {\r\n            font-size: 1.35rem;\r\n            font-weight: 600;\r\n            color: #1f2937;\r\n            margin-bottom: 16px;\r\n            padding-top: 8px;\r\n        }\r\n\r\n        .legal-section-subtitle {\r\n            font-size: 1.1rem;\r\n            font-weight: 600;\r\n            color: #374151;\r\n            margin-top: 24px;\r\n            margin-bottom: 12px;\r\n        }\r\n\r\n        .legal-section-text {\r\n            font-size: 1rem;\r\n            color: #4B5563;\r\n            line-height: 1.8;\r\n            text-align: justify;\r\n            margin-bottom: 16px;\r\n        }\r\n\r\n        .legal-section-text:last-child {\r\n            margin-bottom: 0;\r\n        }\r\n\r\n        .legal-highlight {\r\n            background: #EEF2FF;\r\n            border-left: 3px solid #1D4ED8;\r\n            padding: 16px 20px;\r\n            border-radius: 0 8px 8px 0;\r\n            margin: 20px 0;\r\n        }\r\n\r\n        .legal-highlight p {\r\n            margin: 0;\r\n            color: #1f2937;\r\n        }\r\n\r\n        .legal-warning {\r\n            background: #FEF3C7;\r\n            border-left: 3px solid #F59E0B;\r\n            padding: 16px 20px;\r\n            border-radius: 0 8px 8px 0;\r\n            margin: 20px 0;\r\n        }\r\n\r\n        .legal-warning p {\r\n            margin: 0;\r\n            color: #92400E;\r\n        }\r\n\r\n        .legal-list {\r\n            list-style: none;\r\n            margin: 16px 0;\r\n            padding-left: 0;\r\n        }\r\n\r\n        .legal-list li {\r\n            position: relative;\r\n            padding-left: 28px;\r\n            margin-bottom: 12px;\r\n            color: #4B5563;\r\n            line-height: 1.7;\r\n        }\r\n\r\n        .legal-list li::before {\r\n            content: '';\r\n            position: absolute;\r\n            left: 0;\r\n            top: 10px;\r\n            width: 8px;\r\n            height: 8px;\r\n            background: #1D4ED8;\r\n            border-radius: 50%;\r\n        }\r\n\r\n        .legal-link {\r\n            color: #1D4ED8;\r\n            text-decoration: none;\r\n            font-weight: 500;\r\n            word-break: break-all;\r\n        }\r\n\r\n        .legal-link:hover {\r\n            text-decoration: underline;\r\n        }\r\n\r\n        .legal-email {\r\n            color: #1D4ED8;\r\n            text-decoration: none;\r\n            font-weight: 500;\r\n        }\r\n\r\n        .legal-email:hover {\r\n            text-decoration: underline;\r\n        }\r\n\r\n        .legal-link-box {\r\n            background: #f9fafb;\r\n            border-radius: 8px;\r\n            padding: 16px 20px;\r\n            margin: 16px 0;\r\n            border: 1px solid #e5e7eb;\r\n        }\r\n\r\n        .legal-link-box a {\r\n            color: #1D4ED8;\r\n            word-break: break-all;\r\n        }\r\n\r\n        \/* Footer de contacto *\/\r\n        .legal-contact-box {\r\n            background: linear-gradient(135deg, #f0f7ff 0%, #EEF2FF 100%);\r\n            border-radius: 12px;\r\n            padding: 32px;\r\n            margin-top: 40px;\r\n            text-align: center;\r\n        }\r\n\r\n        .legal-contact-title {\r\n            font-size: 1.1rem;\r\n            font-weight: 600;\r\n            color: #1f2937;\r\n            margin-bottom: 12px;\r\n        }\r\n\r\n        .legal-contact-text {\r\n            font-size: 0.95rem;\r\n            color: #4B5563;\r\n            margin-bottom: 20px;\r\n        }\r\n\r\n        .legal-contact-btn {\r\n            display: inline-flex;\r\n            align-items: center;\r\n            gap: 8px;\r\n            background: #1D4ED8;\r\n            color: #ffffff;\r\n            padding: 12px 24px;\r\n            border-radius: 8px;\r\n            text-decoration: none;\r\n            font-weight: 500;\r\n            font-size: 0.95rem;\r\n            transition: background 0.3s ease;\r\n        }\r\n\r\n        .legal-contact-btn:hover {\r\n            background: #1E40AF;\r\n        }\r\n\r\n        .legal-contact-btn svg {\r\n            width: 18px;\r\n            height: 18px;\r\n        }\r\n\r\n        \/* Responsive *\/\r\n        @media (max-width: 900px) {\r\n            .legal-layout {\r\n                grid-template-columns: 1fr;\r\n                gap: 24px;\r\n            }\r\n\r\n            .legal-sidebar {\r\n                position: relative;\r\n                top: 0;\r\n            }\r\n\r\n            .legal-index {\r\n                display: none;\r\n            }\r\n\r\n            .legal-content {\r\n                padding: 32px 24px;\r\n            }\r\n        }\r\n\r\n        @media (max-width: 600px) {\r\n            .legal-header {\r\n                padding: 30px 20px;\r\n            }\r\n\r\n            .legal-title {\r\n                font-size: 2rem;\r\n            }\r\n\r\n            .legal-layout {\r\n                padding: 24px 16px 80px;\r\n            }\r\n\r\n            .legal-content {\r\n                padding: 24px 20px 40px;\r\n            }\r\n\r\n            .legal-section-title {\r\n                font-size: 1.2rem;\r\n            }\r\n\r\n            .legal-section-text {\r\n                text-align: left;\r\n            }\r\n        }\r\n\r\n        \/* Scroll suave *\/\r\n        html {\r\n            scroll-behavior: smooth;\r\n        }\r\n    <\/style>\r\n<\/head>\r\n<body>\r\n\r\n    <div class=\"legal-page\">\r\n        \r\n        <!-- Header -->\r\n        <header class=\"legal-header\">\r\n            <div class=\"legal-header-container\">\r\n                <nav class=\"legal-breadcrumb\">\r\n                    <a href=\"https:\/\/www.dijit.app\/en\/\">Inicio<\/a>\r\n                    <svg viewbox=\"0 0 24 24\" fill=\"none\" stroke=\"currentColor\" stroke-width=\"2\">\r\n                        <polyline points=\"9 18 15 12 9 6\"><\/polyline>\r\n                    <\/svg>\r\n                    <span>Pol\u00edtica de Cookies<\/span>\r\n                <\/nav>\r\n                <h1 class=\"legal-title\">Pol\u00edtica de Cookies<\/h1>\r\n                <p class=\"legal-updated\">\r\n                    <svg viewbox=\"0 0 24 24\" fill=\"none\" stroke=\"currentColor\" stroke-width=\"2\">\r\n                        <circle cx=\"12\" cy=\"12\" r=\"10\"><\/circle>\r\n                        <polyline points=\"12 6 12 12 16 14\"><\/polyline>\r\n                    <\/svg>\r\n                    \u00daltima actualizaci\u00f3n: Enero 2025\r\n                <\/p>\r\n            <\/div>\r\n        <\/header>\r\n\r\n        <!-- Layout principal -->\r\n        <div class=\"legal-layout\">\r\n            \r\n            <!-- Sidebar - \u00cdndice -->\r\n            <aside class=\"legal-sidebar\">\r\n                <nav class=\"legal-index\">\r\n                    <h2 class=\"legal-index-title\">Table of Contents<\/h2>\r\n                    <ul class=\"legal-index-list\">\r\n                        <li class=\"legal-index-item\"><a href=\"#que-son-cookies\">\u00bfQu\u00e9 son las cookies?<\/a><\/li>\r\n                        <li class=\"legal-index-item\"><a href=\"#consentimiento\">Consentimiento<\/a><\/li>\r\n                        <li class=\"legal-index-item\"><a href=\"#cookies-sesion\">Cookies de sesi\u00f3n<\/a><\/li>\r\n                        <li class=\"legal-index-item\"><a href=\"#cookies-redireccion\">redirection cookies<\/a><\/li>\r\n                        <li class=\"legal-index-item\"><a href=\"#google-analytics\">Google Analytics<\/a><\/li>\r\n                        <li class=\"legal-index-item\"><a href=\"#desactivar-cookies\">Desactivar cookies<\/a><\/li>\r\n                        <li class=\"legal-index-item\"><a href=\"#terceros\">Cookies de terceros<\/a><\/li>\r\n                    <\/ul>\r\n                <\/nav>\r\n            <\/aside>\r\n\r\n            <!-- Contenido principal -->\r\n            <main class=\"legal-content\">\r\n                \r\n                <!-- Secci\u00f3n 1 -->\r\n                <section id=\"que-son-cookies\" class=\"legal-section\">\r\n                    <h2 class=\"legal-section-title\">\u00bfQu\u00e9 son las cookies?<\/h2>\r\n                    <p class=\"legal-section-text\">\r\n                        Cookies are text files that are downloaded to the user&#039;s device when visiting certain web pages, with the purpose of saving and retrieving information about the navigation that is carried out from that equipment.\r\n                    <\/p>\r\n                <\/section>\r\n\r\n                <!-- Secci\u00f3n 2 -->\r\n                <section id=\"consentimiento\" class=\"legal-section\">\r\n                    <h2 class=\"legal-section-title\">Consentimiento y uso de cookies<\/h2>\r\n                    <p class=\"legal-section-text\">\r\n                        According to current regulations, we inform you about the use of cookies so that you, as a user, can give your consent to our use of them. If you continue browsing our website, this action means that you accept the use of cookies. However, you can disable cookies at any time as described in this document.\r\n                    <\/p>\r\n                    <div class=\"legal-warning\">\r\n                        <p>In most cases, disabling cookies will not prevent you from using this website. Depending on the type of cookies disabled, the functionality of the website and our services will be limited or even prevented from certain functions or activities.<\/p>\r\n                    <\/div>\r\n                <\/section>\r\n\r\n                <!-- Secci\u00f3n 3 -->\r\n                <section id=\"cookies-sesion\" class=\"legal-section\">\r\n                    <h2 class=\"legal-section-title\">Cookies de sesi\u00f3n<\/h2>\r\n                    <p class=\"legal-section-text\">\r\n                        Session cookies allow users to be identified on the website so that all changes made by the user, selected items or data entered by the user are remembered from one page of the website to another. These types of cookies are deleted from your hard drive when you close your browser.\r\n                    <\/p>\r\n                <\/section>\r\n\r\n                <!-- Secci\u00f3n 4 -->\r\n                <section id=\"cookies-redireccion\" class=\"legal-section\">\r\n                    <h2 class=\"legal-section-title\">redirection cookies<\/h2>\r\n                    <p class=\"legal-section-text\">\r\n                        Our website uses redirection technology. When a user visits our website and is interested in our services, this tool allows us to display advertisements for our services on relevant third-party websites (those users have also visited those websites).\r\n                    <\/p>\r\n                    <p class=\"legal-section-text\">\r\n                        Dicha publicidad en sitios web de terceros puede realizarse mediante cookies que almacenan las visitas y usos de los usuarios de nuestro sitio web. Este tipo de publicidad se realiza de forma totalmente an\u00f3nima (utilizando un seud\u00f3nimo). Estas cookies tienen una validez de hasta un a\u00f1o.\r\n                    <\/p>\r\n                <\/section>\r\n\r\n                <!-- Secci\u00f3n 5 -->\r\n                <section id=\"google-analytics\" class=\"legal-section\">\r\n                    <h2 class=\"legal-section-title\">Google Analytics<\/h2>\r\n                    <p class=\"legal-section-text\">\r\n                        Este sitio web permite el uso de cookies de la herramienta Google Analytics, un servicio de an\u00e1lisis web prestado por Google Inc., una empresa de Delaware con sede en 1600 Amphitheatre Parkway, Mountain View (California), CA 94043, EE. UU. (\"Google\") y utiliza \"cookies\". La informaci\u00f3n que genera la cookie acerca de su uso del sitio web (incluyendo la direcci\u00f3n IP) ser\u00e1 directamente transmitida a Google y almacenada en los servidores de USA.\r\n                    <\/p>\r\n\r\n                    <div class=\"legal-highlight\">\r\n                        <p>Google Analytics is Google&#039;s free web analytics tool that helps website owners understand how visitors interact with their websites. Google Analytics collects information anonymously.<\/p>\r\n                    <\/div>\r\n\r\n                    <h3 class=\"legal-section-subtitle\">\u00bfQu\u00e9 informaci\u00f3n recopila Google Analytics?<\/h3>\r\n                    <p class=\"legal-section-text\">\r\n                        Google Analytics records user interactions on the website (time of visit, whether the user has previously visited the website whose website referred the user to the corresponding page, IP address, etc.).\r\n                    <\/p>\r\n                    <p class=\"legal-section-text\">\r\n                        Google Analytics no proporciona a Dijit informaci\u00f3n sobre la direcci\u00f3n IP real del usuario; solo le brinda estad\u00edsticas sobre:\r\n                    <\/p>\r\n                    <ul class=\"legal-list\">\r\n                        <li>Visitas: visitantes \u00fanicos, n\u00famero de visitas, p\u00e1ginas vistas, duraci\u00f3n promedio de la visita, porcentaje de visitas nuevas, visitas repetidas, frecuencia, p\u00e1ginas visitadas<\/li>\r\n                        <li>Datos demogr\u00e1ficos: idioma, pa\u00eds, ciudad<\/li>\r\n                        <li>Sistema: navegador, sistema operativo, proveedor de acceso a Internet, tipo de dispositivo<\/li>\r\n                    <\/ul>\r\n\r\n                    <h3 class=\"legal-section-subtitle\">Condiciones y privacidad de Google Analytics<\/h3>\r\n                    <p class=\"legal-section-text\">\r\n                        Seg\u00fan determina Google, Google Analytics se rige por:\r\n                    <\/p>\r\n                    <div class=\"legal-link-box\">\r\n                        <p><strong>Condiciones de servicio:<\/strong><\/p>\r\n                        <a href=\"http:\/\/www.google.com\/analytics\/tos.html\" target=\"_blank\" rel=\"noopener\">http:\/\/www.google.com\/analytics\/tos.html<\/a>\r\n                    <\/div>\r\n                    <div class=\"legal-link-box\">\r\n                        <p><strong>Pol\u00edtica de privacidad:<\/strong><\/p>\r\n                        <a href=\"http:\/\/www.google.com\/privacy_ads.html\" target=\"_blank\" rel=\"noopener\">http:\/\/www.google.com\/privacy_ads.html<\/a>\r\n                    <\/div>\r\n                <\/section>\r\n\r\n                <!-- Secci\u00f3n 6 -->\r\n                <section id=\"desactivar-cookies\" class=\"legal-section\">\r\n                    <h2 class=\"legal-section-title\">How can I disable Google Analytics cookies?<\/h2>\r\n                    <p class=\"legal-section-text\">\r\n                        Users can disable Google Analytics cookies at any time:\r\n                    <\/p>\r\n\r\n                    <h3 class=\"legal-section-subtitle\">Herramienta de inhabilitaci\u00f3n<\/h3>\r\n                    <p class=\"legal-section-text\">\r\n                        Instale una herramienta complementaria de inhabilitaci\u00f3n de Google Analytics en su navegador que evite que Google Analytics recopile informaci\u00f3n sobre sus visitas a los sitios web:\r\n                    <\/p>\r\n                    <div class=\"legal-link-box\">\r\n                        <a href=\"https:\/\/tools.google.com\/dlpage\/gaoptout\" target=\"_blank\" rel=\"noopener\">https:\/\/tools.google.com\/dlpage\/gaoptout<\/a>\r\n                    <\/div>\r\n\r\n                    <h3 class=\"legal-section-subtitle\">M\u00e1s informaci\u00f3n sobre privacidad<\/h3>\r\n                    <p class=\"legal-section-text\">\r\n                        Obtenga m\u00e1s informaci\u00f3n sobre la herramienta complementaria de exclusi\u00f3n voluntaria de Google Analytics y otra informaci\u00f3n de privacidad de Google Analytics:\r\n                    <\/p>\r\n                    <div class=\"legal-link-box\">\r\n                        <a href=\"https:\/\/policies.google.com\/technologies\/ads\" target=\"_blank\" rel=\"noopener\">https:\/\/policies.google.com\/technologies\/ads<\/a>\r\n                    <\/div>\r\n\r\n                    <h3 class=\"legal-section-subtitle\">Informaci\u00f3n importante<\/h3>\r\n                    <ul class=\"legal-list\">\r\n                        <li>La recopilaci\u00f3n de informaci\u00f3n de nuestros usuarios sobre el uso de este sitio web a trav\u00e9s de Google Analytics se realiza \u00fanicamente en nombre de Google, y Dijit.app no tiene acceso a dicha informaci\u00f3n (sino solo informaci\u00f3n agregada) en cualquier momento, no asociada a ninguna direcci\u00f3n IP.<\/li>\r\n                        <li>Las finalidades para las que Google decide en cada momento tratar y utilizar la informaci\u00f3n recabada por Google Analytics, as\u00ed como el funcionamiento y duraci\u00f3n de las cookies, son determinadas por Google.<\/li>\r\n                        <li>En base a la informaci\u00f3n facilitada por Google, el usuario puede impedir la recogida de esta informaci\u00f3n, rechazar la instalaci\u00f3n de cookies, configurar su navegador para ello.<\/li>\r\n                        <li>In general, only EU countries have similar standards for the protection of cookies and personal data.<\/li>\r\n                    <\/ul>\r\n                <\/section>\r\n\r\n                <!-- Secci\u00f3n 7 -->\r\n                <section id=\"terceros\" class=\"legal-section\">\r\n                    <h2 class=\"legal-section-title\">Cookies de terceros<\/h2>\r\n                    <p class=\"legal-section-text\">\r\n                        Dijit no tiene control ni es responsable del contenido y la precisi\u00f3n de las Condiciones de servicio y la Pol\u00edtica de privacidad de Google a las que se hace referencia en esta Pol\u00edtica de cookies.\r\n                    <\/p>\r\n                    <p class=\"legal-section-text\">\r\n                        For more information about cookies from third-party websites, we recommend that you review their cookie policies.\r\n                    <\/p>\r\n                <\/section>\r\n\r\n                <!-- Caja de contacto -->\r\n                <div class=\"legal-contact-box\">\r\n                    <h3 class=\"legal-contact-title\">\u00bfTienes dudas sobre las cookies?<\/h3>\r\n                    <p class=\"legal-contact-text\">Si necesitas m\u00e1s informaci\u00f3n sobre el uso de cookies en nuestra plataforma, no dudes en contactarnos.<\/p>\r\n                    <a href=\"mailto:central@dijit.app\" class=\"legal-contact-btn\">\r\n                        <svg viewbox=\"0 0 24 24\" fill=\"none\" stroke=\"currentColor\" stroke-width=\"2\">\r\n                            <path d=\"M4 4h16c1.1 0 2 .9 2 2v12c0 1.1-.9 2-2 2H4c-1.1 0-2-.9-2-2V6c0-1.1.9-2 2-2z\"><\/path>\r\n                            <polyline points=\"22,6 12,13 2,6\"><\/polyline>\r\n                        <\/svg>\r\n                        central@dijit.app\r\n                    <\/a>\r\n                <\/div>\r\n\r\n            <\/main>\r\n\r\n        <\/div>\r\n\r\n    <\/div>\r\n\r\n<\/body>\r\n<\/html>\t\t\t\t<\/div>\n\t\t\t\t<\/div>\n\t\t\t\t<\/div>\n\t\t\t\t<\/div>","protected":false},"excerpt":{"rendered":"<p>Pol\u00edtica de Cookies | Dijit.app Inicio Pol\u00edtica de Cookies Pol\u00edtica de Cookies \u00daltima actualizaci\u00f3n: Enero 2025 \u00cdndice de contenidos \u00bfQu\u00e9 son las cookies? Consentimiento Cookies de sesi\u00f3n Cookies de redirecci\u00f3n Google Analytics Desactivar cookies Cookies de terceros \u00bfQu\u00e9 son las cookies? Las cookies son archivos de texto que se descargan en el dispositivo del usuario [&hellip;]<\/p>\n","protected":false},"author":7,"featured_media":0,"parent":0,"menu_order":0,"comment_status":"closed","ping_status":"closed","template":"elementor_header_footer","meta":{"footnotes":""},"class_list":["post-2784","page","type-page","status-publish","hentry"],"_links":{"self":[{"href":"https:\/\/www.dijit.app\/en\/wp-json\/wp\/v2\/pages\/2784","targetHints":{"allow":["GET"]}}],"collection":[{"href":"https:\/\/www.dijit.app\/en\/wp-json\/wp\/v2\/pages"}],"about":[{"href":"https:\/\/www.dijit.app\/en\/wp-json\/wp\/v2\/types\/page"}],"author":[{"embeddable":true,"href":"https:\/\/www.dijit.app\/en\/wp-json\/wp\/v2\/users\/7"}],"replies":[{"embeddable":true,"href":"https:\/\/www.dijit.app\/en\/wp-json\/wp\/v2\/comments?post=2784"}],"version-history":[{"count":3,"href":"https:\/\/www.dijit.app\/en\/wp-json\/wp\/v2\/pages\/2784\/revisions"}],"predecessor-version":[{"id":15735,"href":"https:\/\/www.dijit.app\/en\/wp-json\/wp\/v2\/pages\/2784\/revisions\/15735"}],"wp:attachment":[{"href":"https:\/\/www.dijit.app\/en\/wp-json\/wp\/v2\/media?parent=2784"}],"curies":[{"name":"wp","href":"https:\/\/api.w.org\/{rel}","templated":true}]}}