{"id":7,"date":"2022-07-14T13:17:22","date_gmt":"2022-07-14T11:17:22","guid":{"rendered":"https:\/\/didin.co\/?page_id=3"},"modified":"2025-11-27T11:03:19","modified_gmt":"2025-11-27T10:03:19","slug":"politica-de-privacidad","status":"publish","type":"page","link":"https:\/\/www.dijit.app\/en\/politica-de-privacidad\/","title":{"rendered":"Privacy Policy"},"content":{"rendered":"<div data-elementor-type=\"wp-page\" data-elementor-id=\"7\" class=\"elementor elementor-7\">\n\t\t\t\t<div class=\"elementor-element elementor-element-8c5afc6 e-con-full e-flex e-con e-parent\" data-id=\"8c5afc6\" data-element_type=\"container\" data-e-type=\"container\" data-settings=\"{&quot;background_background&quot;:&quot;classic&quot;}\">\n\t\t\t\t<div class=\"elementor-element elementor-element-c2e085c elementor-widget elementor-widget-html\" data-id=\"c2e085c\" data-element_type=\"widget\" data-e-type=\"widget\" data-widget_type=\"html.default\">\n\t\t\t\t<div class=\"elementor-widget-container\">\n\t\t\t\t\t<!DOCTYPE html>\r\n<html lang=\"es\">\r\n<head>\r\n    <meta charset=\"UTF-8\">\r\n    <meta name=\"viewport\" content=\"width=device-width, initial-scale=1.0\">\r\n    <title>Pol\u00edtica de Privacidad | Dijit.app<\/title>\r\n    <style>\r\n        \/* ============================================\r\n           PLANTILLA P\u00c1GINAS LEGALES - DIJIT.APP\r\n           ============================================ *\/\r\n        \r\n        * {\r\n            margin: 0;\r\n            padding: 0;\r\n            box-sizing: border-box;\r\n        }\r\n\r\n        \/* Base *\/\r\n        .legal-page {\r\n            font-family: -apple-system, BlinkMacSystemFont, 'Segoe UI', Roboto, Helvetica, Arial, sans-serif;\r\n            background: #f8fafc;\r\n            min-height: 100vh;\r\n            color: #374151;\r\n            line-height: 1.7;\r\n            padding-bottom: 80px;\r\n        }\r\n\r\n        \/* Header *\/\r\n        .legal-header {\r\n            background: #ffffff;\r\n            border-bottom: 1px solid #e5e7eb;\r\n            padding: 40px 24px;\r\n        }\r\n\r\n        .legal-header-container {\r\n            max-width: 900px;\r\n            margin: 0 auto;\r\n        }\r\n\r\n        .legal-breadcrumb {\r\n            display: flex;\r\n            align-items: center;\r\n            gap: 8px;\r\n            font-size: 0.875rem;\r\n            color: #6B7280;\r\n            margin-bottom: 20px;\r\n        }\r\n\r\n        .legal-breadcrumb a {\r\n            color: #1D4ED8;\r\n            text-decoration: none;\r\n        }\r\n\r\n        .legal-breadcrumb a:hover {\r\n            text-decoration: underline;\r\n        }\r\n\r\n        .legal-breadcrumb svg {\r\n            width: 16px;\r\n            height: 16px;\r\n            color: #9CA3AF;\r\n        }\r\n\r\n        .legal-title {\r\n            font-size: 2.5rem;\r\n            font-weight: 700;\r\n            color: #1f2937;\r\n            margin-bottom: 12px;\r\n        }\r\n\r\n        .legal-updated {\r\n            font-size: 0.9rem;\r\n            color: #6B7280;\r\n            display: flex;\r\n            align-items: center;\r\n            gap: 8px;\r\n        }\r\n\r\n        .legal-updated svg {\r\n            width: 16px;\r\n            height: 16px;\r\n        }\r\n\r\n        \/* Layout principal *\/\r\n        .legal-layout {\r\n            max-width: 1100px;\r\n            margin: 0 auto;\r\n            padding: 40px 24px 100px;\r\n            display: grid;\r\n            grid-template-columns: 280px 1fr;\r\n            gap: 48px;\r\n        }\r\n\r\n        \/* Sidebar - \u00cdndice de navegaci\u00f3n *\/\r\n        .legal-sidebar {\r\n            position: sticky;\r\n            top: 24px;\r\n            height: fit-content;\r\n        }\r\n\r\n        .legal-index {\r\n            background: #ffffff;\r\n            border-radius: 12px;\r\n            padding: 24px;\r\n            border: 1px solid #e5e7eb;\r\n        }\r\n\r\n        .legal-index-title {\r\n            font-size: 0.8rem;\r\n            font-weight: 600;\r\n            color: #1D4ED8;\r\n            text-transform: uppercase;\r\n            letter-spacing: 0.5px;\r\n            margin-bottom: 16px;\r\n            padding-bottom: 12px;\r\n            border-bottom: 1px solid #e5e7eb;\r\n        }\r\n\r\n        .legal-index-list {\r\n            list-style: none;\r\n            display: flex;\r\n            flex-direction: column;\r\n            gap: 4px;\r\n        }\r\n\r\n        .legal-index-item a {\r\n            display: block;\r\n            padding: 10px 12px;\r\n            font-size: 0.9rem;\r\n            color: #4B5563;\r\n            text-decoration: none;\r\n            border-radius: 6px;\r\n            transition: all 0.2s ease;\r\n            border-left: 2px solid transparent;\r\n        }\r\n\r\n        .legal-index-item a:hover {\r\n            background: #EEF2FF;\r\n            color: #1D4ED8;\r\n            border-left-color: #1D4ED8;\r\n        }\r\n\r\n        \/* Contenido principal *\/\r\n        .legal-content {\r\n            background: #ffffff;\r\n            border-radius: 12px;\r\n            padding: 48px;\r\n            padding-bottom: 60px;\r\n            border: 1px solid #e5e7eb;\r\n        }\r\n\r\n        .legal-section {\r\n            margin-bottom: 40px;\r\n            padding-bottom: 40px;\r\n            border-bottom: 1px solid #f1f5f9;\r\n        }\r\n\r\n        .legal-section:last-child {\r\n            margin-bottom: 0;\r\n            padding-bottom: 0;\r\n            border-bottom: none;\r\n        }\r\n\r\n        .legal-section-title {\r\n            font-size: 1.35rem;\r\n            font-weight: 600;\r\n            color: #1f2937;\r\n            margin-bottom: 16px;\r\n            padding-top: 8px;\r\n        }\r\n\r\n        .legal-section-subtitle {\r\n            font-size: 1.1rem;\r\n            font-weight: 600;\r\n            color: #374151;\r\n            margin-top: 24px;\r\n            margin-bottom: 12px;\r\n        }\r\n\r\n        .legal-section-text {\r\n            font-size: 1rem;\r\n            color: #4B5563;\r\n            line-height: 1.8;\r\n            text-align: justify;\r\n            margin-bottom: 16px;\r\n        }\r\n\r\n        .legal-section-text:last-child {\r\n            margin-bottom: 0;\r\n        }\r\n\r\n        .legal-highlight {\r\n            background: #EEF2FF;\r\n            border-left: 3px solid #1D4ED8;\r\n            padding: 16px 20px;\r\n            border-radius: 0 8px 8px 0;\r\n            margin: 20px 0;\r\n        }\r\n\r\n        .legal-highlight p {\r\n            margin: 0;\r\n            color: #1f2937;\r\n        }\r\n\r\n        .legal-list {\r\n            list-style: none;\r\n            margin: 16px 0;\r\n            padding-left: 0;\r\n        }\r\n\r\n        .legal-list li {\r\n            position: relative;\r\n            padding-left: 28px;\r\n            margin-bottom: 12px;\r\n            color: #4B5563;\r\n            line-height: 1.7;\r\n        }\r\n\r\n        .legal-list li::before {\r\n            content: '';\r\n            position: absolute;\r\n            left: 0;\r\n            top: 10px;\r\n            width: 8px;\r\n            height: 8px;\r\n            background: #1D4ED8;\r\n            border-radius: 50%;\r\n        }\r\n\r\n        .legal-email {\r\n            color: #1D4ED8;\r\n            text-decoration: none;\r\n            font-weight: 500;\r\n        }\r\n\r\n        .legal-email:hover {\r\n            text-decoration: underline;\r\n        }\r\n\r\n        .legal-address {\r\n            background: #f9fafb;\r\n            border-radius: 8px;\r\n            padding: 16px 20px;\r\n            margin: 16px 0;\r\n            border: 1px solid #e5e7eb;\r\n        }\r\n\r\n        .legal-address p {\r\n            margin: 4px 0;\r\n            color: #374151;\r\n        }\r\n\r\n        \/* Footer de contacto *\/\r\n        .legal-contact-box {\r\n            background: linear-gradient(135deg, #f0f7ff 0%, #EEF2FF 100%);\r\n            border-radius: 12px;\r\n            padding: 32px;\r\n            margin-top: 40px;\r\n            text-align: center;\r\n        }\r\n\r\n        .legal-contact-title {\r\n            font-size: 1.1rem;\r\n            font-weight: 600;\r\n            color: #1f2937;\r\n            margin-bottom: 12px;\r\n        }\r\n\r\n        .legal-contact-text {\r\n            font-size: 0.95rem;\r\n            color: #4B5563;\r\n            margin-bottom: 20px;\r\n        }\r\n\r\n        .legal-contact-btn {\r\n            display: inline-flex;\r\n            align-items: center;\r\n            gap: 8px;\r\n            background: #1D4ED8;\r\n            color: #ffffff;\r\n            padding: 12px 24px;\r\n            border-radius: 8px;\r\n            text-decoration: none;\r\n            font-weight: 500;\r\n            font-size: 0.95rem;\r\n            transition: background 0.3s ease;\r\n        }\r\n\r\n        .legal-contact-btn:hover {\r\n            background: #1E40AF;\r\n        }\r\n\r\n        .legal-contact-btn svg {\r\n            width: 18px;\r\n            height: 18px;\r\n        }\r\n\r\n        \/* Responsive *\/\r\n        @media (max-width: 900px) {\r\n            .legal-layout {\r\n                grid-template-columns: 1fr;\r\n                gap: 24px;\r\n            }\r\n\r\n            .legal-sidebar {\r\n                position: relative;\r\n                top: 0;\r\n            }\r\n\r\n            .legal-index {\r\n                display: none;\r\n            }\r\n\r\n            .legal-content {\r\n                padding: 32px 24px;\r\n            }\r\n        }\r\n\r\n        @media (max-width: 600px) {\r\n            .legal-header {\r\n                padding: 30px 20px;\r\n            }\r\n\r\n            .legal-title {\r\n                font-size: 2rem;\r\n            }\r\n\r\n            .legal-layout {\r\n                padding: 24px 16px 80px;\r\n            }\r\n\r\n            .legal-content {\r\n                padding: 24px 20px 40px;\r\n            }\r\n\r\n            .legal-section-title {\r\n                font-size: 1.2rem;\r\n            }\r\n\r\n            .legal-section-text {\r\n                text-align: left;\r\n            }\r\n        }\r\n\r\n        \/* Scroll suave *\/\r\n        html {\r\n            scroll-behavior: smooth;\r\n        }\r\n    <\/style>\r\n<\/head>\r\n<body>\r\n\r\n    <div class=\"legal-page\">\r\n        \r\n        <!-- Header -->\r\n        <header class=\"legal-header\">\r\n            <div class=\"legal-header-container\">\r\n                <nav class=\"legal-breadcrumb\">\r\n                    <a href=\"https:\/\/www.dijit.app\/en\/\">Inicio<\/a>\r\n                    <svg viewbox=\"0 0 24 24\" fill=\"none\" stroke=\"currentColor\" stroke-width=\"2\">\r\n                        <polyline points=\"9 18 15 12 9 6\"><\/polyline>\r\n                    <\/svg>\r\n                    <span>Privacy Policy<\/span>\r\n                <\/nav>\r\n                <h1 class=\"legal-title\">Privacy Policy<\/h1>\r\n                <p class=\"legal-updated\">\r\n                    <svg viewbox=\"0 0 24 24\" fill=\"none\" stroke=\"currentColor\" stroke-width=\"2\">\r\n                        <circle cx=\"12\" cy=\"12\" r=\"10\"><\/circle>\r\n                        <polyline points=\"12 6 12 12 16 14\"><\/polyline>\r\n                    <\/svg>\r\n                    \u00daltima actualizaci\u00f3n: Enero 2025\r\n                <\/p>\r\n            <\/div>\r\n        <\/header>\r\n\r\n        <!-- Layout principal -->\r\n        <div class=\"legal-layout\">\r\n            \r\n            <!-- Sidebar - \u00cdndice -->\r\n            <aside class=\"legal-sidebar\">\r\n                <nav class=\"legal-index\">\r\n                    <h2 class=\"legal-index-title\">Table of Contents<\/h2>\r\n                    <ul class=\"legal-index-list\">\r\n                        <li class=\"legal-index-item\"><a href=\"#proteccion-datos\">1. Data Protection<\/a><\/li>\r\n                        <li class=\"legal-index-item\"><a href=\"#informacion-software\">2. Informaci\u00f3n del Software<\/a><\/li>\r\n                        <li class=\"legal-index-item\"><a href=\"#comunicacion-datos\">3. Data Communication<\/a><\/li>\r\n                        <li class=\"legal-index-item\"><a href=\"#derechos-usuario\">4. User Rights<\/a><\/li>\r\n                        <li class=\"legal-index-item\"><a href=\"#encargado-tratamiento\">5. Encargado del Tratamiento<\/a><\/li>\r\n                        <li class=\"legal-index-item\"><a href=\"#limitacion-responsabilidad\">6. Limitation of Liability<\/a><\/li>\r\n                        <li class=\"legal-index-item\"><a href=\"#notificaciones\">7. Notifications<\/a><\/li>\r\n                        <li class=\"legal-index-item\"><a href=\"#legislacion\">8. Legislaci\u00f3n y Jurisdicci\u00f3n<\/a><\/li>\r\n                    <\/ul>\r\n                <\/nav>\r\n            <\/aside>\r\n\r\n            <!-- Contenido principal -->\r\n            <main class=\"legal-content\">\r\n                \r\n                <!-- Secci\u00f3n 1 -->\r\n                <section id=\"proteccion-datos\" class=\"legal-section\">\r\n                    <h2 class=\"legal-section-title\">1. Data Protection<\/h2>\r\n                    <p class=\"legal-section-text\">\r\n                        Dijit.app informs the Client that his\/her personal data and that of his\/her representatives will be processed in accordance with the General Data Protection Regulation (GDPR) of the European Union.\r\n                    <\/p>\r\n\r\n                    <h3 class=\"legal-section-subtitle\">1.1. Responsable del Tratamiento<\/h3>\r\n                    <p class=\"legal-section-text\">\r\n                        El Delegado de Protecci\u00f3n de Datos de Dijit puede ser contactado en <a href=\"mailto:legal@dijit.app\" class=\"legal-email\">legal@dijit.app<\/a> (asunto: \"Delegado de protecci\u00f3n de datos\").\r\n                    <\/p>\r\n\r\n                    <h3 class=\"legal-section-subtitle\">1.2. Finalidad del Tratamiento<\/h3>\r\n                    <p class=\"legal-section-text\">\r\n                        Los datos personales se utilizar\u00e1n para la gesti\u00f3n, desarrollo y control del contrato, as\u00ed como para cumplir con las leyes aplicables. Dijit.app podr\u00e1 acceder a los datos del Cliente por motivos t\u00e9cnicos, de seguridad o para asegurar el cumplimiento del contrato.\r\n                    <\/p>\r\n\r\n                    <h3 class=\"legal-section-subtitle\">1.3. Conservaci\u00f3n de Datos<\/h3>\r\n                    <p class=\"legal-section-text\">\r\n                        Los datos se conservar\u00e1n mientras sean necesarios para la gesti\u00f3n del contrato. Una vez finalizada la licencia, los datos se tratar\u00e1n solo para servicios adicionales contratados o se bloquear\u00e1n y conservar\u00e1n para atender posibles responsabilidades legales.\r\n                    <\/p>\r\n\r\n                    <h3 class=\"legal-section-subtitle\">1.4. Decisiones Automatizadas<\/h3>\r\n                    <p class=\"legal-section-text\">\r\n                        Dijit.app no toma decisiones basadas \u00fanicamente en el tratamiento automatizado de datos, salvo las estrictamente necesarias para la ejecuci\u00f3n del contrato.\r\n                    <\/p>\r\n                <\/section>\r\n\r\n                <!-- Secci\u00f3n 2 -->\r\n                <section id=\"informacion-software\" class=\"legal-section\">\r\n                    <h2 class=\"legal-section-title\">2. Information about the Software and its Services<\/h2>\r\n                    <p class=\"legal-section-text\">\r\n                        Dijit.app will keep the Client informed about software updates and news. These communications are essential for the execution of the contract and may be of a commercial or promotional nature. The Client may choose not to receive these communications after the end of the contract.\r\n                    <\/p>\r\n                <\/section>\r\n\r\n                <!-- Secci\u00f3n 3 -->\r\n                <section id=\"comunicacion-datos\" class=\"legal-section\">\r\n                    <h2 class=\"legal-section-title\">3. Data Communication<\/h2>\r\n                    \r\n                    <h3 class=\"legal-section-subtitle\">3.1. Transferencia Nacional<\/h3>\r\n                    <p class=\"legal-section-text\">\r\n                        Dijit.app solo comunicar\u00e1 datos a la Administraci\u00f3n P\u00fablica cuando est\u00e9 legalmente obligada.\r\n                    <\/p>\r\n\r\n                    <h3 class=\"legal-section-subtitle\">3.2. Transferencias Internacionales<\/h3>\r\n                    <p class=\"legal-section-text\">\r\n                        Los datos se almacenan en servidores ubicados en la Uni\u00f3n Europea. El Cliente autoriza a Dijit.app a proporcionar estos datos al centro de datos para la prestaci\u00f3n del servicio.\r\n                    <\/p>\r\n\r\n                    <div class=\"legal-highlight\">\r\n                        <p>Todos los datos se almacenan en servidores ubicados en la Uni\u00f3n Europea, cumpliendo con las normativas de protecci\u00f3n de datos vigentes.<\/p>\r\n                    <\/div>\r\n                <\/section>\r\n\r\n                <!-- Secci\u00f3n 4 -->\r\n                <section id=\"derechos-usuario\" class=\"legal-section\">\r\n                    <h2 class=\"legal-section-title\">4. User Rights<\/h2>\r\n                    <p class=\"legal-section-text\">\r\n                        El Cliente y sus representantes tienen derecho a:\r\n                    <\/p>\r\n                    <ul class=\"legal-list\">\r\n                        <li>Acceder a sus datos personales<\/li>\r\n                        <li>Rectificar datos inexactos o incompletos<\/li>\r\n                        <li>Suprimir sus datos personales<\/li>\r\n                        <li>Oponerse al tratamiento de sus datos<\/li>\r\n                        <li>Limitar el tratamiento de sus datos<\/li>\r\n                        <li>Solicitar la portabilidad de sus datos<\/li>\r\n                    <\/ul>\r\n                    <p class=\"legal-section-text\">\r\n                        Para ejercer estos derechos, pueden enviar una solicitud a <a href=\"mailto:legal@dijit.app\" class=\"legal-email\">legal@dijit.app<\/a> adjuntando una copia de su DNI\/NIE.\r\n                    <\/p>\r\n                <\/section>\r\n\r\n                <!-- Secci\u00f3n 5 -->\r\n                <section id=\"encargado-tratamiento\" class=\"legal-section\">\r\n                    <h2 class=\"legal-section-title\">5. Dijit.app as Data Processor<\/h2>\r\n                    <p class=\"legal-section-text\">\r\n                        Dijit.app act\u00faa como encargado del tratamiento cuando procesa datos personales en nombre del Cliente. Se compromete a:\r\n                    <\/p>\r\n                    <ul class=\"legal-list\">\r\n                        <li>Tratar los datos solo para la ejecuci\u00f3n del servicio<\/li>\r\n                        <li>No transferir datos fuera de la UE sin garant\u00edas adecuadas<\/li>\r\n                        <li>Implementar medidas de seguridad adecuadas<\/li>\r\n                        <li>Notificar cualquier violaci\u00f3n de seguridad<\/li>\r\n                        <li>Suprimir los datos personales al finalizar el servicio, salvo obligaci\u00f3n legal de conservaci\u00f3n<\/li>\r\n                    <\/ul>\r\n\r\n                    <h3 class=\"legal-section-subtitle\">5.1. Security measures<\/h3>\r\n                    <p class=\"legal-section-text\">\r\n                        Dijit.app aplica medidas t\u00e9cnicas y organizativas para garantizar la seguridad de los datos, incluyendo la confidencialidad, integridad y disponibilidad de los sistemas.\r\n                    <\/p>\r\n\r\n                    <h3 class=\"legal-section-subtitle\">5.2. Responsabilidad sobre los Datos<\/h3>\r\n                    <p class=\"legal-section-text\">\r\n                        El Cliente es responsable de los datos personales que almacena en el software. Dijit.app solo accede a estos datos para la ejecuci\u00f3n del servicio y bajo estrictas medidas de seguridad.\r\n                    <\/p>\r\n\r\n                    <h3 class=\"legal-section-subtitle\">5.3. Tecnolog\u00edas de Seguimiento<\/h3>\r\n                    <p class=\"legal-section-text\">\r\n                        El Cliente puede consultar la pol\u00edtica de cookies en <a href=\"https:\/\/www.dijit.app\/en\/politica-de-cookies\/\" class=\"legal-email\">https:\/\/www.dijit.app\/politica-de-cookies\/<\/a>.\r\n                    <\/p>\r\n                <\/section>\r\n\r\n                <!-- Secci\u00f3n 6 -->\r\n                <section id=\"limitacion-responsabilidad\" class=\"legal-section\">\r\n                    <h2 class=\"legal-section-title\">6. Limitation of Liability<\/h2>\r\n                    <p class=\"legal-section-text\">\r\n                        El software se proporciona \"tal cual\" y \"seg\u00fan disponibilidad\". Dijit.app no ser\u00e1 responsable por da\u00f1os indirectos, p\u00e9rdida de beneficios o datos. La responsabilidad m\u00e1xima no exceder\u00e1 el importe pagado por el Cliente en el mes anterior al evento que caus\u00f3 el da\u00f1o.\r\n                    <\/p>\r\n                <\/section>\r\n\r\n                <!-- Secci\u00f3n 7 -->\r\n                <section id=\"notificaciones\" class=\"legal-section\">\r\n                    <h2 class=\"legal-section-title\">7. Notifications<\/h2>\r\n                    <p class=\"legal-section-text\">\r\n                        Las comunicaciones deben realizarse por escrito a:\r\n                    <\/p>\r\n                    \r\n                    <div class=\"legal-address\">\r\n                        <p><strong>Dijit Labs, SL<\/strong><\/p>\r\n                        <p>Calle Ponzano 39, 2\u00bai<\/p>\r\n                        <p>28003, Madrid (Spain)<\/p>\r\n                        <p>Email: <a href=\"mailto:central@dijit.app\" class=\"legal-email\">central@dijit.app<\/a><\/p>\r\n                    <\/div>\r\n\r\n                    <p class=\"legal-section-text\">\r\n                        Para el Cliente: la direcci\u00f3n proporcionada durante la contrataci\u00f3n.\r\n                    <\/p>\r\n                <\/section>\r\n\r\n                <!-- Secci\u00f3n 8 -->\r\n                <section id=\"legislacion\" class=\"legal-section\">\r\n                    <h2 class=\"legal-section-title\">8. Applicable Law and Jurisdiction<\/h2>\r\n                    <p class=\"legal-section-text\">\r\n                        These conditions are governed by European law. The parties submit to the jurisdiction of the courts of Madrid for any dispute related to this contract.\r\n                    <\/p>\r\n                <\/section>\r\n\r\n                <!-- Caja de contacto -->\r\n                <div class=\"legal-contact-box\">\r\n                    <h3 class=\"legal-contact-title\">\u00bfTienes preguntas sobre privacidad?<\/h3>\r\n                    <p class=\"legal-contact-text\">Para cualquier consulta relacionada con tus datos personales, contacta con nuestro Delegado de Protecci\u00f3n de Datos.<\/p>\r\n                    <a href=\"mailto:legal@dijit.app\" class=\"legal-contact-btn\">\r\n                        <svg viewbox=\"0 0 24 24\" fill=\"none\" stroke=\"currentColor\" stroke-width=\"2\">\r\n                            <path d=\"M12 22s8-4 8-10V5l-8-3-8 3v7c0 6 8 10 8 10z\"><\/path>\r\n                        <\/svg>\r\n                        legal@dijit.app\r\n                    <\/a>\r\n                <\/div>\r\n\r\n            <\/main>\r\n\r\n        <\/div>\r\n\r\n    <\/div>\r\n\r\n<\/body>\r\n<\/html>\t\t\t\t<\/div>\n\t\t\t\t<\/div>\n\t\t\t\t<\/div>\n\t\t\t\t<\/div>","protected":false},"excerpt":{"rendered":"<p>Pol\u00edtica de Privacidad | Dijit.app Inicio Pol\u00edtica de Privacidad Pol\u00edtica de Privacidad \u00daltima actualizaci\u00f3n: Enero 2025 \u00cdndice de contenidos 1. Protecci\u00f3n de Datos 2. Informaci\u00f3n del Software 3. Comunicaci\u00f3n de Datos 4. Derechos del Usuario 5. Encargado del Tratamiento 6. Limitaci\u00f3n de Responsabilidad 7. Notificaciones 8. Legislaci\u00f3n y Jurisdicci\u00f3n 1. Protecci\u00f3n de Datos Dijit.app informa [&hellip;]<\/p>\n","protected":false},"author":7,"featured_media":0,"parent":0,"menu_order":0,"comment_status":"closed","ping_status":"closed","template":"elementor_header_footer","meta":{"footnotes":""},"class_list":["post-7","page","type-page","status-publish","hentry"],"_links":{"self":[{"href":"https:\/\/www.dijit.app\/en\/wp-json\/wp\/v2\/pages\/7","targetHints":{"allow":["GET"]}}],"collection":[{"href":"https:\/\/www.dijit.app\/en\/wp-json\/wp\/v2\/pages"}],"about":[{"href":"https:\/\/www.dijit.app\/en\/wp-json\/wp\/v2\/types\/page"}],"author":[{"embeddable":true,"href":"https:\/\/www.dijit.app\/en\/wp-json\/wp\/v2\/users\/7"}],"replies":[{"embeddable":true,"href":"https:\/\/www.dijit.app\/en\/wp-json\/wp\/v2\/comments?post=7"}],"version-history":[{"count":3,"href":"https:\/\/www.dijit.app\/en\/wp-json\/wp\/v2\/pages\/7\/revisions"}],"predecessor-version":[{"id":15728,"href":"https:\/\/www.dijit.app\/en\/wp-json\/wp\/v2\/pages\/7\/revisions\/15728"}],"wp:attachment":[{"href":"https:\/\/www.dijit.app\/en\/wp-json\/wp\/v2\/media?parent=7"}],"curies":[{"name":"wp","href":"https:\/\/api.w.org\/{rel}","templated":true}]}}